{"id":288,"date":"2021-11-12T01:32:50","date_gmt":"2021-11-11T16:32:50","guid":{"rendered":"https:\/\/yanagiya-furyu.com\/?page_id=288"},"modified":"2021-11-19T13:05:11","modified_gmt":"2021-11-19T04:05:11","slug":"%e3%81%94%e4%be%9d%e9%a0%bc","status":"publish","type":"page","link":"https:\/\/yanagiya-furyu.com\/?page_id=288","title":{"rendered":"\u4ed5\u4e8b\u3054\u4f9d\u983c"},"content":{"rendered":"\n<div class=\"wp-block-contact-form-7-contact-form-selector\">\n<div class=\"wpcf7 no-js\" id=\"wpcf7-f411-o1\" lang=\"ja\" dir=\"ltr\" data-wpcf7-id=\"411\">\n<div class=\"screen-reader-response\"><p role=\"status\" aria-live=\"polite\" aria-atomic=\"true\"><\/p> <ul><\/ul><\/div>\n<form action=\"\/index.php?rest_route=%2Fwp%2Fv2%2Fpages%2F288#wpcf7-f411-o1\" method=\"post\" class=\"wpcf7-form init\" aria-label=\"\u30b3\u30f3\u30bf\u30af\u30c8\u30d5\u30a9\u30fc\u30e0\" novalidate=\"novalidate\" data-status=\"init\">\n<fieldset class=\"hidden-fields-container\"><input type=\"hidden\" name=\"_wpcf7\" value=\"411\" \/><input type=\"hidden\" name=\"_wpcf7_version\" value=\"6.1.3\" \/><input type=\"hidden\" name=\"_wpcf7_locale\" value=\"ja\" \/><input type=\"hidden\" name=\"_wpcf7_unit_tag\" value=\"wpcf7-f411-o1\" \/><input type=\"hidden\" name=\"_wpcf7_container_post\" value=\"0\" \/><input type=\"hidden\" name=\"_wpcf7_posted_data_hash\" value=\"\" \/><input type=\"hidden\" name=\"_wpcf7_recaptcha_response\" value=\"\" \/>\n<\/fieldset>\n<table class=\"CF7_table\">\n\t<tr>\n\t\t<th>\n\t\t\t<p>\u304a\u554f\u5408\u305b\u5185\u5bb9\n\t\t\t<\/p>\n\t\t<\/th>\n\t\t<td>\n\t\t\t<p>\u4ed5\u4e8b\u3054\u4f9d\u983c\u306e\u304a\u5ba2\u69d8\u306f\u3001\u3053\u3061\u3089\u306e\u30d5\u30a9\u30fc\u30e0\u3088\u308a\u304a\u7533\u3057\u8fbc\u307f\u9858\u3044\u307e\u3059\u3002\n\t\t\t<\/p>\n\t\t<\/td>\n\t<\/tr>\n\t<tr>\n\t\t<th>\n\t\t\t<p><span class=\"CF7_req\">\u5fc5\u9808<\/span>\u304a\u540d\u524d\n\t\t\t<\/p>\n\t\t<\/th>\n\t\t<td>\n\t\t\t<p><span class=\"wpcf7-form-control-wrap\" data-name=\"your-name\"><input size=\"40\" maxlength=\"400\" class=\"wpcf7-form-control wpcf7-text wpcf7-validates-as-required\" aria-required=\"true\" aria-invalid=\"false\" placeholder=\"\u4f8b\uff1a\u3042\u306a\u305f\u306e\u304a\u540d\u524d\" value=\"\" type=\"text\" name=\"your-name\" \/><\/span>\n\t\t\t<\/p>\n\t\t<\/td>\n\t<\/tr>\n\t<tr>\n\t\t<th>\n\t\t\t<p><span class=\"CF7_req\">\u5fc5\u9808<\/span>\u30e1\u30fc\u30eb\u30a2\u30c9\u30ec\u30b9\n\t\t\t<\/p>\n\t\t<\/th>\n\t\t<td>\n\t\t\t<p><span class=\"wpcf7-form-control-wrap\" data-name=\"your-email\"><input size=\"40\" maxlength=\"400\" class=\"wpcf7-form-control wpcf7-email wpcf7-validates-as-required wpcf7-text wpcf7-validates-as-email\" aria-required=\"true\" aria-invalid=\"false\" placeholder=\"\u4f8b\uff1a\u00d7\u00d7\u00d7@\u00d7\u00d7\u00d7.com\" value=\"\" type=\"email\" name=\"your-email\" \/><\/span>\n\t\t\t<\/p>\n\t\t<\/td>\n\t<\/tr>\n\t<tr>\n\t\t<th>\n\t\t\t<p><span class=\"CF7_unreq\">\u4efb\u610f<\/span>\u304a\u96fb\u8a71\u756a\u53f7\n\t\t\t<\/p>\n\t\t<\/th>\n\t\t<td>\n\t\t\t<p><span class=\"wpcf7-form-control-wrap\" data-name=\"your-tel\"><input size=\"40\" maxlength=\"400\" class=\"wpcf7-form-control wpcf7-text wpcf7-validates-as-required\" aria-required=\"true\" aria-invalid=\"false\" placeholder=\"\u4f8b\uff1a010-1234-5678\" value=\"\" type=\"text\" name=\"your-tel\" \/><\/span>\n\t\t\t<\/p>\n\t\t<\/td>\n\t<\/tr>\n\t<tr>\n\t\t<th>\n\t\t\t<p><span class=\"CF7_req\">\u5fc5\u9808<\/span>\u4ed5\u4e8b\u958b\u50ac\u65e5\n\t\t\t<\/p>\n\t\t<\/th>\n\t\t<td>\n\t\t\t<p><span class=\"wpcf7-form-control-wrap\" data-name=\"your-date\"><input class=\"wpcf7-form-control wpcf7-date wpcf7-validates-as-required wpcf7-validates-as-date\" aria-required=\"true\" aria-invalid=\"false\" value=\"\" type=\"date\" name=\"your-date\" \/><\/span>\n\t\t\t<\/p>\n\t\t<\/td>\n\t<\/tr>\n\t<th>\n\t\t<p><span class=\"CF7_req\">\u5fc5\u9808<\/span>\u4ed5\u4e8b\u5730\u57df\n\t\t<\/p>\n\t<\/th>\n\t<td>\n\t\t<p><span class=\"wpcf7-form-control-wrap\" data-name=\"you\"><select class=\"wpcf7-form-control wpcf7-select wpcf7-validates-as-required\" aria-required=\"true\" aria-invalid=\"false\" multiple=\"multiple\" name=\"you[]\"><option value=\"\u5317\u6d77\u9053\">\u5317\u6d77\u9053<\/option><option value=\"\u9752\u68ee\">\u9752\u68ee<\/option><option value=\"\u5ca9\u624b\">\u5ca9\u624b<\/option><option value=\"\u5bae\u57ce\">\u5bae\u57ce<\/option><option value=\"\u79cb\u7530\">\u79cb\u7530<\/option><option value=\"\u5c71\u5f62\">\u5c71\u5f62<\/option><option value=\"\u798f\u5cf6\">\u798f\u5cf6<\/option><option value=\"\u8328\u57ce\">\u8328\u57ce<\/option><option value=\"\u6803\u6728\">\u6803\u6728<\/option><option value=\"\u7fa4\u99ac\">\u7fa4\u99ac<\/option><option value=\"\u57fc\u7389\">\u57fc\u7389<\/option><option value=\"\u5343\u8449\">\u5343\u8449<\/option><option value=\"\u6771\u4eac\">\u6771\u4eac<\/option><option value=\"\u795e\u5948\u5ddd\">\u795e\u5948\u5ddd<\/option><option value=\"\u65b0\u6f5f\">\u65b0\u6f5f<\/option><option value=\"\u5bcc\u5c71\">\u5bcc\u5c71<\/option><option value=\"\u77f3\u5ddd\">\u77f3\u5ddd<\/option><option value=\"\u798f\u4e95\">\u798f\u4e95<\/option><option value=\"\u5c71\u68a8\">\u5c71\u68a8<\/option><option value=\"\u9577\u91ce\">\u9577\u91ce<\/option><option value=\"\u5c90\u961c\">\u5c90\u961c<\/option><option value=\"\u9759\u5ca1\">\u9759\u5ca1<\/option><option value=\"\u611b\u77e5\">\u611b\u77e5<\/option><option value=\"\u4e09\u91cd\">\u4e09\u91cd<\/option><option value=\"\u6ecb\u8cc0\">\u6ecb\u8cc0<\/option><option value=\"\u4eac\u90fd\">\u4eac\u90fd<\/option><option value=\"\u5927\u962a\">\u5927\u962a<\/option><option value=\"\u5175\u5eab\">\u5175\u5eab<\/option><option value=\"\u5948\u826f\">\u5948\u826f<\/option><option value=\"\u548c\u6b4c\u5c71\">\u548c\u6b4c\u5c71<\/option><option value=\"\u9ce5\u53d6\">\u9ce5\u53d6<\/option><option value=\"\u5cf6\u6839\">\u5cf6\u6839<\/option><option value=\"\u5ca1\u5c71\">\u5ca1\u5c71<\/option><option value=\"\u5e83\u5cf6\">\u5e83\u5cf6<\/option><option value=\"\u5c71\u53e3\">\u5c71\u53e3<\/option><option value=\"\u5fb3\u5cf6\">\u5fb3\u5cf6<\/option><option value=\"\u9999\u5ddd\">\u9999\u5ddd<\/option><option value=\"\u611b\u5a9b\">\u611b\u5a9b<\/option><option value=\"\u9ad8\u77e5\">\u9ad8\u77e5<\/option><option value=\"\u798f\u5ca1\">\u798f\u5ca1<\/option><option value=\"\u4f50\u8cc0\">\u4f50\u8cc0<\/option><option value=\"\u9577\u5d0e\">\u9577\u5d0e<\/option><option value=\"\u718a\u672c\">\u718a\u672c<\/option><option value=\"\u5927\u5206\">\u5927\u5206<\/option><option value=\"\u5bae\u5d0e\">\u5bae\u5d0e<\/option><option value=\"\u9e7f\u5150\u5cf6\">\u9e7f\u5150\u5cf6<\/option><option value=\"\u6c96\u7e04\">\u6c96\u7e04<\/option><\/select><\/span>\n\t\t<\/p>\n\t<\/td>\n\t<th>\n\t\t<p><span class=\"CF7_req\">\u5fc5\u9808<\/span>\u4ed5\u4e8b\u5185\u5bb9\n\t\t<\/p>\n\t<\/th>\n\t<td>\n\t\t<p><span class=\"wpcf7-form-control-wrap\" data-name=\"pref\"><input size=\"40\" maxlength=\"400\" class=\"wpcf7-form-control wpcf7-text wpcf7-validates-as-required\" id=\"pref\" aria-required=\"true\" aria-invalid=\"false\" placeholder=\"\u4f8b\uff1a\u843d\u8a9e\u4f1a\u3001\u30a4\u30d9\u30f3\u30c8\u7b49\u306b\u51fa\u6f14\u3001\u958b\u50ac\u3057\u3066\u307b\u3057\u3044\" value=\"\" type=\"text\" name=\"pref\" \/><\/span>\n\t\t<\/p>\n\t<\/td>\n\t<tr>\n\t\t<th>\n\t\t\t<p><span class=\"CF7_unreq\">\u4efb\u610f<\/span>\u30e1\u30c3\u30bb\u30fc\u30b8\u672c\u6587\n\t\t\t<\/p>\n\t\t<\/th>\n\t\t<td class=\"message-100\">\n\t\t\t<p><span class=\"wpcf7-form-control-wrap\" data-name=\"your-message\"><textarea cols=\"40\" rows=\"10\" maxlength=\"2000\" class=\"wpcf7-form-control wpcf7-textarea wpcf7-validates-as-required\" aria-required=\"true\" aria-invalid=\"false\" placeholder=\"\u4f55\u304b\u3054\u3056\u3044\u307e\u3057\u305f\u3089\u3053\u3061\u3089\u3078\u3054\u8a18\u5165\u304f\u3060\u3055\u3044\" name=\"your-message\"><\/textarea><\/span>\n\t\t\t<\/p>\n\t\t<\/td>\n\t<\/tr>\n<\/table>\n<p class=\"CF7_btn\"><input class=\"wpcf7-form-control wpcf7-submit has-spinner\" type=\"submit\" value=\"\u9001\u4fe1\u3059\u308b\" \/>\n<\/p><p style=\"display: none !important;\" class=\"akismet-fields-container\" data-prefix=\"_wpcf7_ak_\"><label>&#916;<textarea name=\"_wpcf7_ak_hp_textarea\" cols=\"45\" rows=\"8\" maxlength=\"100\"><\/textarea><\/label><input type=\"hidden\" id=\"ak_js_1\" name=\"_wpcf7_ak_js\" value=\"221\"\/><script>document.getElementById( \"ak_js_1\" ).setAttribute( \"value\", ( new Date() ).getTime() );<\/script><\/p><div class=\"wpcf7-response-output\" aria-hidden=\"true\"><\/div>\n<\/form>\n<\/div>\n<\/div>\n","protected":false},"excerpt":{"rendered":"","protected":false},"author":1,"featured_media":0,"parent":0,"menu_order":0,"comment_status":"closed","ping_status":"closed","template":"","meta":{"_monsterinsights_skip_tracking":false,"_monsterinsights_sitenote_active":false,"_monsterinsights_sitenote_note":"","_monsterinsights_sitenote_category":0,"vkexunit_cta_each_option":"","footnotes":""},"class_list":["post-288","page","type-page","status-publish","hentry"],"_links":{"self":[{"href":"https:\/\/yanagiya-furyu.com\/index.php?rest_route=\/wp\/v2\/pages\/288","targetHints":{"allow":["GET"]}}],"collection":[{"href":"https:\/\/yanagiya-furyu.com\/index.php?rest_route=\/wp\/v2\/pages"}],"about":[{"href":"https:\/\/yanagiya-furyu.com\/index.php?rest_route=\/wp\/v2\/types\/page"}],"author":[{"embeddable":true,"href":"https:\/\/yanagiya-furyu.com\/index.php?rest_route=\/wp\/v2\/users\/1"}],"replies":[{"embeddable":true,"href":"https:\/\/yanagiya-furyu.com\/index.php?rest_route=%2Fwp%2Fv2%2Fcomments&post=288"}],"version-history":[{"count":3,"href":"https:\/\/yanagiya-furyu.com\/index.php?rest_route=\/wp\/v2\/pages\/288\/revisions"}],"predecessor-version":[{"id":560,"href":"https:\/\/yanagiya-furyu.com\/index.php?rest_route=\/wp\/v2\/pages\/288\/revisions\/560"}],"wp:attachment":[{"href":"https:\/\/yanagiya-furyu.com\/index.php?rest_route=%2Fwp%2Fv2%2Fmedia&parent=288"}],"curies":[{"name":"wp","href":"https:\/\/api.w.org\/{rel}","templated":true}]}}